{"id":282,"date":"2024-07-13T16:17:52","date_gmt":"2024-07-13T14:17:52","guid":{"rendered":"http:\/\/meteo974.fr\/?page_id=282"},"modified":"2024-09-03T10:05:19","modified_gmt":"2024-09-03T06:05:19","slug":"mentions-legales","status":"publish","type":"page","link":"http:\/\/meteo974.fr\/?page_id=282","title":{"rendered":"Mentions l\u00e9gales"},"content":{"rendered":"\t\t<div data-elementor-type=\"wp-page\" data-elementor-id=\"282\" class=\"elementor elementor-282\">\n\t\t\t\t<div class=\"elementor-element elementor-element-b4bd0cc e-flex e-con-boxed e-con e-parent\" data-id=\"b4bd0cc\" data-element_type=\"container\" data-e-type=\"container\">\n\t\t\t\t\t<div class=\"e-con-inner\">\n\t\t\t\t<div class=\"elementor-element elementor-element-ee556bc elementor-widget elementor-widget-text-editor\" data-id=\"ee556bc\" data-element_type=\"widget\" data-e-type=\"widget\" data-widget_type=\"text-editor.default\">\n\t\t\t\t<div class=\"elementor-widget-container\">\n\t\t\t\t\t\t\t\t\t<p><strong>Ce site a \u00e9t\u00e9 financ\u00e9 par l\u2019Union Europ\u00e9enne dans le cadre du programme FEDER-FSE+ R\u00e9union dont l\u2019Autorit\u00e9 de gestion est la R\u00e9gion R\u00e9union. L\u2019Europe s\u2019engage \u00e0 La R\u00e9union avec le fonds FEDER\u00a0<\/strong><\/p>\t\t\t\t\t\t\t\t<\/div>\n\t\t\t\t<\/div>\n\t\t<div class=\"elementor-element elementor-element-bc095d2 e-con-full e-flex e-con e-child\" data-id=\"bc095d2\" data-element_type=\"container\" data-e-type=\"container\">\n\t\t\t\t<div class=\"elementor-element elementor-element-7243164 elementor-widget elementor-widget-image\" data-id=\"7243164\" data-element_type=\"widget\" data-e-type=\"widget\" data-widget_type=\"image.default\">\n\t\t\t\t<div class=\"elementor-widget-container\">\n\t\t\t\t\t\t\t\t\t\t\t\t\t\t\t<img fetchpriority=\"high\" decoding=\"async\" width=\"493\" height=\"386\" src=\"https:\/\/meteo974.fr\/wp-content\/uploads\/2024\/08\/NOUVEAU-LOGO-REGION-Mars-2022-HD-JPG.jpg\" class=\"attachment-large size-large wp-image-846\" alt=\"\" \/>\t\t\t\t\t\t\t\t\t\t\t\t\t\t\t<\/div>\n\t\t\t\t<\/div>\n\t\t\t\t<div class=\"elementor-element elementor-element-1e01c8a elementor-widget elementor-widget-image\" data-id=\"1e01c8a\" data-element_type=\"widget\" data-e-type=\"widget\" data-widget_type=\"image.default\">\n\t\t\t\t<div class=\"elementor-widget-container\">\n\t\t\t\t\t\t\t\t\t\t\t\t\t\t\t<img decoding=\"async\" width=\"512\" height=\"359\" src=\"https:\/\/meteo974.fr\/wp-content\/uploads\/2024\/08\/unnamed.jpg\" class=\"attachment-large size-large wp-image-851\" alt=\"\" \/>\t\t\t\t\t\t\t\t\t\t\t\t\t\t\t<\/div>\n\t\t\t\t<\/div>\n\t\t\t\t<\/div>\n\t\t\t\t\t<\/div>\n\t\t\t\t<\/div>\n\t\t<div class=\"elementor-element elementor-element-58eb9e2 e-flex e-con-boxed e-con e-parent\" data-id=\"58eb9e2\" data-element_type=\"container\" data-e-type=\"container\">\n\t\t\t\t\t<div class=\"e-con-inner\">\n\t\t\t\t<div class=\"elementor-element elementor-element-8bd67e4 elementor-widget elementor-widget-text-editor\" data-id=\"8bd67e4\" data-element_type=\"widget\" data-e-type=\"widget\" data-widget_type=\"text-editor.default\">\n\t\t\t\t<div class=\"elementor-widget-container\">\n\t\t\t\t\t\t\t\t\t<h2 style=\"text-align: center;\"><strong>Mentions L\u00e9gales<\/strong><\/h2>\n<h3 style=\"text-align: left;\">\u00c9diteur du site<\/h3>\n<p>Le site <a href=\"http:\/\/www.m%C3%A9t%C3%A9o974.fr\" target=\"_new\" rel=\"noreferrer\">www.m\u00e9t\u00e9o974.fr<\/a> est \u00e9dit\u00e9 par :<\/p>\n<ul>\n<li><strong>Nom de l&rsquo;entreprise\/du responsable<\/strong> : lameteo.org &#8211; Fr\u00e9d\u00e9ric Decker<\/li>\n<li><strong>Forme juridique<\/strong> : Micro Entreprise<\/li>\n<li><strong>Si\u00e8ge social<\/strong> : 30 impasse du Calvaire 97434 Saint-Gilles les Bains &#8211; R\u00e9union<\/li>\n<li><strong>SIRET<\/strong> : 50840601400011<\/li>\n<li><strong>Num\u00e9ro de TVA intracommunautaire<\/strong> : FR45508406014<\/li>\n<\/ul>\n<h3>Directeur de la publication<\/h3>\n<ul>\n<li><b>Fr\u00e9d\u00e9ric Decker<\/b><\/li>\n<li><strong>Contact<\/strong> : contact@m\u00e9t\u00e9o974.fr<\/li>\n<\/ul>\n<h3 style=\"font-style: normal;\">Design et int\u00e9gration wordpress<\/h3>\n<ul style=\"font-size: 16px; font-style: normal; font-weight: 400; font-family: Roboto, sans-serif;\">\n<li style=\"font-size: 16px;\"><span style=\"font-weight: bold;\">Studio CKB<\/span><span style=\"font-weight: bold;\">&nbsp;:&nbsp;<a href=\"https:\/\/www.karidigital.re\">https:\/\/www.karidigital.re<\/a> &#8211; <a href=\"https:\/\/www.alexisckb.re\">https:\/\/www.alexisckb.re<\/a><\/span><\/li>\n<li style=\"font-size: 16px;\"><span style=\"font-weight: bold;\">Contact<\/span> : contact@karidigital.fr | contact@alexisckb.re<\/li>\n<li><strong>Images :<\/strong> Certaines images sont utilis\u00e9es pour mettre en avant la beaut\u00e9 de l&rsquo;\u00eele de La R\u00e9union, elles proviennent de site tel que Unsplash ou Pexels. Nous utilisons ces images pour illustrer les carrousels et en aucun cas pour vendre un produit ou une prestation. Les autres images sont la propri\u00e9t\u00e9s de m\u00e9t\u00e9o974<\/li>\n<\/ul>\n<h3>H\u00e9bergement du site<\/h3>\n<p>Le site <a href=\"http:\/\/www.m%C3%A9t%C3%A9o974.fr\" target=\"_new\" rel=\"noreferrer\">www.m\u00e9t\u00e9o974.fr<\/a> est h\u00e9berg\u00e9 par :<\/p>\n<ul>\n<li><strong>Nom de l&rsquo;h\u00e9bergeur<\/strong> : OVH<\/li>\n<li><strong>Adresse de l&rsquo;h\u00e9bergeur<\/strong> : 2 rue Kellerman 59100 Roubaix<\/li>\n<\/ul>\n<h3>Propri\u00e9t\u00e9 intellectuelle<\/h3>\n<p>L&rsquo;ensemble du contenu pr\u00e9sent sur le site <a href=\"http:\/\/www.m%C3%A9t%C3%A9o974.fr\" target=\"_new\" rel=\"noreferrer\">www.m\u00e9t\u00e9o974.fr<\/a>, incluant, de fa\u00e7on non limitative, les graphismes, images, textes, vid\u00e9os, animations, sons, logos, gifs et ic\u00f4nes ainsi que leur mise en forme sont la propri\u00e9t\u00e9 exclusive de Meteo974 ou de STD CKB, \u00e0 l&rsquo;exception des marques, logos ou contenus appartenant \u00e0 d&rsquo;autres soci\u00e9t\u00e9s partenaires ou auteurs.<\/p>\n<h3>Utilisation des donn\u00e9es personnelles<\/h3>\n<p>Les extensions tiers WordPress install\u00e9es sur notre site peuvent collecter certaines donn\u00e9es \u00e0 des fins de statistiques internes. Lors de la prise de contact via le <a href=\"http:\/\/meteo974.fr\/?page_id=50\">formulaire de contact<\/a> de la <a href=\"http:\/\/contact\" data-wplink-url-error=\"true\">page contact<\/a> nous utilisons votre e-mail et votre message pour r\u00e9pondre \u00e0 vos questions, d\u00e8s lors o\u00f9 vous cliquer sur le bouton envoyer. Nous ne collectons aucune autres donn\u00e9es personnelles et sensibles. Nous pouvons n\u00e9anmoins consulter le nombre de visites via les statistiques des tiers et collecter ces statistiques pour notre gestion interne .<\/p>\n<h3>Cookies<\/h3>\n<p>Le site <a href=\"http:\/\/www.m%C3%A9t%C3%A9o974.fr\" target=\"_new\" rel=\"noreferrer\">www.m\u00e9t\u00e9o974.fr<\/a> utilise des cookies pour am\u00e9liorer l&rsquo;exp\u00e9rience utilisateur. D\u00e8s lors o\u00f9 vous naviguez sur meteo974.fr nous consid\u00e9rons que vous en \u00eates satisfait. Si vous refusez les cookies, certaines fonctionnalit\u00e9s peuvent \u00eatre dysfonctionnels.&nbsp;<\/p>\n<h3>Liens hypertextes<\/h3>\n<p>Le site <a href=\"http:\/\/www.m%C3%A9t%C3%A9o974.fr\" target=\"_new\" rel=\"noreferrer\">www.m\u00e9t\u00e9o974.fr<\/a> peut contenir des liens hypertextes vers d&rsquo;autres sites pr\u00e9sents sur le r\u00e9seau Internet. Les liens vers ces autres ressources vous font quitter le site <a href=\"http:\/\/www.m%C3%A9t%C3%A9o974.fr\" target=\"_new\" rel=\"noreferrer\">www.m\u00e9t\u00e9o974.fr<\/a>. Nous ne sommes pas responsables du contenu de ces sites externes.<\/p>\n<h3>Responsabilit\u00e9<\/h3>\n<p>Le site <a href=\"http:\/\/www.m%C3%A9t%C3%A9o974.fr\" target=\"_new\" rel=\"noreferrer\">www.m\u00e9t\u00e9o974.fr<\/a> met en \u0153uvre tous les moyens raisonnables \u00e0 sa disposition pour assurer une information fiable et \u00e0 jour. Toutefois, des erreurs ou omissions peuvent survenir. L&rsquo;internaute devra donc s&rsquo;assurer de l&rsquo;exactitude des informations aupr\u00e8s de Fr\u00e9d\u00e9ric Decker &#8211; Meteo974, et signaler toutes modifications du site qu&rsquo;il jugerait utile. M\u00e9t\u00e9o974 n&rsquo;est en aucun cas responsable de l&rsquo;utilisation faite de ces informations, et de tout pr\u00e9judice direct ou indirect pouvant en d\u00e9couler.<\/p>\n<h3>Contact<\/h3>\n<p>Pour toute question ou information sur le site <a href=\"http:\/\/www.m%C3%A9t%C3%A9o974.fr\" target=\"_new\" rel=\"noreferrer\">www.m\u00e9t\u00e9o974.fr<\/a>, vous pouvez nous contacter \u00e0 :<\/p>\n<ul>\n<li><strong>Email<\/strong> : <a href=\"mailto:contact@meteo974.fr\">contact@meteo974.fr<\/a><\/li>\n<\/ul>\t\t\t\t\t\t\t\t<\/div>\n\t\t\t\t<\/div>\n\t\t\t\t\t<\/div>\n\t\t\t\t<\/div>\n\t\t\t\t<\/div>\n\t\t","protected":false},"excerpt":{"rendered":"<p>Ce site a \u00e9t\u00e9 financ\u00e9 par l\u2019Union Europ\u00e9enne dans le cadre du programme FEDER-FSE+ R\u00e9union dont l\u2019Autorit\u00e9 de gestion est la R\u00e9gion R\u00e9union. L\u2019Europe s\u2019engage \u00e0 La R\u00e9union avec le fonds FEDER\u00a0 Mentions L\u00e9gales \u00c9diteur du site Le site www.m\u00e9t\u00e9o974.fr est \u00e9dit\u00e9 par : Nom de l&rsquo;entreprise\/du responsable : lameteo.org &#8211; Fr\u00e9d\u00e9ric Decker Forme juridique [&hellip;]<\/p>\n","protected":false},"author":1,"featured_media":0,"parent":0,"menu_order":0,"comment_status":"closed","ping_status":"closed","template":"","meta":{"site-sidebar-layout":"no-sidebar","site-content-layout":"","ast-site-content-layout":"full-width-container","site-content-style":"default","site-sidebar-style":"default","ast-global-header-display":"","ast-banner-title-visibility":"","ast-main-header-display":"","ast-hfb-above-header-display":"","ast-hfb-below-header-display":"","ast-hfb-mobile-header-display":"","site-post-title":"disabled","ast-breadcrumbs-content":"","ast-featured-img":"disabled","footer-sml-layout":"","theme-transparent-header-meta":"","adv-header-id-meta":"","stick-header-meta":"","header-above-stick-meta":"","header-main-stick-meta":"","header-below-stick-meta":"","astra-migrate-meta-layouts":"default","ast-page-background-enabled":"default","ast-page-background-meta":{"desktop":{"background-color":"var(--ast-global-color-4)","background-image":"","background-repeat":"repeat","background-position":"center center","background-size":"auto","background-attachment":"scroll","background-type":"","background-media":"","overlay-type":"","overlay-color":"","overlay-opacity":"","overlay-gradient":""},"tablet":{"background-color":"","background-image":"","background-repeat":"repeat","background-position":"center center","background-size":"auto","background-attachment":"scroll","background-type":"","background-media":"","overlay-type":"","overlay-color":"","overlay-opacity":"","overlay-gradient":""},"mobile":{"background-color":"","background-image":"","background-repeat":"repeat","background-position":"center center","background-size":"auto","background-attachment":"scroll","background-type":"","background-media":"","overlay-type":"","overlay-color":"","overlay-opacity":"","overlay-gradient":""}},"ast-content-background-meta":{"desktop":{"background-color":"var(--ast-global-color-5)","background-image":"","background-repeat":"repeat","background-position":"center center","background-size":"auto","background-attachment":"scroll","background-type":"","background-media":"","overlay-type":"","overlay-color":"","overlay-opacity":"","overlay-gradient":""},"tablet":{"background-color":"var(--ast-global-color-5)","background-image":"","background-repeat":"repeat","background-position":"center center","background-size":"auto","background-attachment":"scroll","background-type":"","background-media":"","overlay-type":"","overlay-color":"","overlay-opacity":"","overlay-gradient":""},"mobile":{"background-color":"var(--ast-global-color-5)","background-image":"","background-repeat":"repeat","background-position":"center center","background-size":"auto","background-attachment":"scroll","background-type":"","background-media":"","overlay-type":"","overlay-color":"","overlay-opacity":"","overlay-gradient":""}},"footnotes":""},"class_list":["post-282","page","type-page","status-publish","hentry"],"yoast_head":"<!-- This site is optimized with the Yoast SEO plugin v27.4 - https:\/\/yoast.com\/product\/yoast-seo-wordpress\/ -->\n<title>Mentions l\u00e9gales - M\u00e9t\u00e9o974<\/title>\n<meta name=\"robots\" content=\"index, follow, max-snippet:-1, max-image-preview:large, max-video-preview:-1\" \/>\n<link rel=\"canonical\" href=\"http:\/\/meteo974.fr\/?page_id=282\" \/>\n<meta property=\"og:locale\" content=\"fr_FR\" \/>\n<meta property=\"og:type\" content=\"article\" \/>\n<meta property=\"og:title\" content=\"Mentions l\u00e9gales - M\u00e9t\u00e9o974\" \/>\n<meta property=\"og:description\" content=\"Ce site a \u00e9t\u00e9 financ\u00e9 par l\u2019Union Europ\u00e9enne dans le cadre du programme FEDER-FSE+ R\u00e9union dont l\u2019Autorit\u00e9 de gestion est la R\u00e9gion R\u00e9union. L\u2019Europe s\u2019engage \u00e0 La R\u00e9union avec le fonds FEDER\u00a0 Mentions L\u00e9gales \u00c9diteur du site Le site www.m\u00e9t\u00e9o974.fr est \u00e9dit\u00e9 par : Nom de l&rsquo;entreprise\/du responsable : lameteo.org &#8211; Fr\u00e9d\u00e9ric Decker Forme juridique [&hellip;]\" \/>\n<meta property=\"og:url\" content=\"http:\/\/meteo974.fr\/?page_id=282\" \/>\n<meta property=\"og:site_name\" content=\"M\u00e9t\u00e9o974\" \/>\n<meta property=\"article:modified_time\" content=\"2024-09-03T06:05:19+00:00\" \/>\n<meta property=\"og:image\" content=\"http:\/\/meteo974.fr\/wp-content\/uploads\/2024\/08\/NOUVEAU-LOGO-REGION-Mars-2022-HD-JPG.jpg\" \/>\n<meta name=\"twitter:card\" content=\"summary_large_image\" \/>\n<meta name=\"twitter:label1\" content=\"Dur\u00e9e de lecture estim\u00e9e\" \/>\n\t<meta name=\"twitter:data1\" content=\"3 minutes\" \/>\n<script type=\"application\/ld+json\" class=\"yoast-schema-graph\">{\"@context\":\"https:\\\/\\\/schema.org\",\"@graph\":[{\"@type\":\"WebPage\",\"@id\":\"http:\\\/\\\/meteo974.fr\\\/?page_id=282\",\"url\":\"http:\\\/\\\/meteo974.fr\\\/?page_id=282\",\"name\":\"Mentions l\u00e9gales - M\u00e9t\u00e9o974\",\"isPartOf\":{\"@id\":\"https:\\\/\\\/meteo974.fr\\\/#website\"},\"primaryImageOfPage\":{\"@id\":\"http:\\\/\\\/meteo974.fr\\\/?page_id=282#primaryimage\"},\"image\":{\"@id\":\"http:\\\/\\\/meteo974.fr\\\/?page_id=282#primaryimage\"},\"thumbnailUrl\":\"http:\\\/\\\/meteo974.fr\\\/wp-content\\\/uploads\\\/2024\\\/08\\\/NOUVEAU-LOGO-REGION-Mars-2022-HD-JPG.jpg\",\"datePublished\":\"2024-07-13T14:17:52+00:00\",\"dateModified\":\"2024-09-03T06:05:19+00:00\",\"breadcrumb\":{\"@id\":\"http:\\\/\\\/meteo974.fr\\\/?page_id=282#breadcrumb\"},\"inLanguage\":\"fr-FR\",\"potentialAction\":[{\"@type\":\"ReadAction\",\"target\":[\"http:\\\/\\\/meteo974.fr\\\/?page_id=282\"]}]},{\"@type\":\"ImageObject\",\"inLanguage\":\"fr-FR\",\"@id\":\"http:\\\/\\\/meteo974.fr\\\/?page_id=282#primaryimage\",\"url\":\"http:\\\/\\\/meteo974.fr\\\/wp-content\\\/uploads\\\/2024\\\/08\\\/NOUVEAU-LOGO-REGION-Mars-2022-HD-JPG.jpg\",\"contentUrl\":\"http:\\\/\\\/meteo974.fr\\\/wp-content\\\/uploads\\\/2024\\\/08\\\/NOUVEAU-LOGO-REGION-Mars-2022-HD-JPG.jpg\",\"width\":493,\"height\":386},{\"@type\":\"BreadcrumbList\",\"@id\":\"http:\\\/\\\/meteo974.fr\\\/?page_id=282#breadcrumb\",\"itemListElement\":[{\"@type\":\"ListItem\",\"position\":1,\"name\":\"Accueil\",\"item\":\"https:\\\/\\\/meteo974.fr\\\/\"},{\"@type\":\"ListItem\",\"position\":2,\"name\":\"Mentions l\u00e9gales\"}]},{\"@type\":\"WebSite\",\"@id\":\"https:\\\/\\\/meteo974.fr\\\/#website\",\"url\":\"https:\\\/\\\/meteo974.fr\\\/\",\"name\":\"M\u00e9t\u00e9o974\",\"description\":\"Pr\u00e9voir, prot\u00e9ger, pr\u00e9server\",\"publisher\":{\"@id\":\"https:\\\/\\\/meteo974.fr\\\/#organization\"},\"potentialAction\":[{\"@type\":\"SearchAction\",\"target\":{\"@type\":\"EntryPoint\",\"urlTemplate\":\"https:\\\/\\\/meteo974.fr\\\/?s={search_term_string}\"},\"query-input\":{\"@type\":\"PropertyValueSpecification\",\"valueRequired\":true,\"valueName\":\"search_term_string\"}}],\"inLanguage\":\"fr-FR\"},{\"@type\":\"Organization\",\"@id\":\"https:\\\/\\\/meteo974.fr\\\/#organization\",\"name\":\"M\u00e9t\u00e9o974\",\"url\":\"https:\\\/\\\/meteo974.fr\\\/\",\"logo\":{\"@type\":\"ImageObject\",\"inLanguage\":\"fr-FR\",\"@id\":\"https:\\\/\\\/meteo974.fr\\\/#\\\/schema\\\/logo\\\/image\\\/\",\"url\":\"http:\\\/\\\/meteo974.fr\\\/wp-content\\\/uploads\\\/2024\\\/08\\\/logo-Horizontal-blanc-scaled.png\",\"contentUrl\":\"http:\\\/\\\/meteo974.fr\\\/wp-content\\\/uploads\\\/2024\\\/08\\\/logo-Horizontal-blanc-scaled.png\",\"width\":2560,\"height\":1172,\"caption\":\"M\u00e9t\u00e9o974\"},\"image\":{\"@id\":\"https:\\\/\\\/meteo974.fr\\\/#\\\/schema\\\/logo\\\/image\\\/\"}}]}<\/script>\n<!-- \/ Yoast SEO plugin. -->","yoast_head_json":{"title":"Mentions l\u00e9gales - M\u00e9t\u00e9o974","robots":{"index":"index","follow":"follow","max-snippet":"max-snippet:-1","max-image-preview":"max-image-preview:large","max-video-preview":"max-video-preview:-1"},"canonical":"http:\/\/meteo974.fr\/?page_id=282","og_locale":"fr_FR","og_type":"article","og_title":"Mentions l\u00e9gales - M\u00e9t\u00e9o974","og_description":"Ce site a \u00e9t\u00e9 financ\u00e9 par l\u2019Union Europ\u00e9enne dans le cadre du programme FEDER-FSE+ R\u00e9union dont l\u2019Autorit\u00e9 de gestion est la R\u00e9gion R\u00e9union. L\u2019Europe s\u2019engage \u00e0 La R\u00e9union avec le fonds FEDER\u00a0 Mentions L\u00e9gales \u00c9diteur du site Le site www.m\u00e9t\u00e9o974.fr est \u00e9dit\u00e9 par : Nom de l&rsquo;entreprise\/du responsable : lameteo.org &#8211; Fr\u00e9d\u00e9ric Decker Forme juridique [&hellip;]","og_url":"http:\/\/meteo974.fr\/?page_id=282","og_site_name":"M\u00e9t\u00e9o974","article_modified_time":"2024-09-03T06:05:19+00:00","og_image":[{"url":"http:\/\/meteo974.fr\/wp-content\/uploads\/2024\/08\/NOUVEAU-LOGO-REGION-Mars-2022-HD-JPG.jpg","type":"","width":"","height":""}],"twitter_card":"summary_large_image","twitter_misc":{"Dur\u00e9e de lecture estim\u00e9e":"3 minutes"},"schema":{"@context":"https:\/\/schema.org","@graph":[{"@type":"WebPage","@id":"http:\/\/meteo974.fr\/?page_id=282","url":"http:\/\/meteo974.fr\/?page_id=282","name":"Mentions l\u00e9gales - M\u00e9t\u00e9o974","isPartOf":{"@id":"https:\/\/meteo974.fr\/#website"},"primaryImageOfPage":{"@id":"http:\/\/meteo974.fr\/?page_id=282#primaryimage"},"image":{"@id":"http:\/\/meteo974.fr\/?page_id=282#primaryimage"},"thumbnailUrl":"http:\/\/meteo974.fr\/wp-content\/uploads\/2024\/08\/NOUVEAU-LOGO-REGION-Mars-2022-HD-JPG.jpg","datePublished":"2024-07-13T14:17:52+00:00","dateModified":"2024-09-03T06:05:19+00:00","breadcrumb":{"@id":"http:\/\/meteo974.fr\/?page_id=282#breadcrumb"},"inLanguage":"fr-FR","potentialAction":[{"@type":"ReadAction","target":["http:\/\/meteo974.fr\/?page_id=282"]}]},{"@type":"ImageObject","inLanguage":"fr-FR","@id":"http:\/\/meteo974.fr\/?page_id=282#primaryimage","url":"http:\/\/meteo974.fr\/wp-content\/uploads\/2024\/08\/NOUVEAU-LOGO-REGION-Mars-2022-HD-JPG.jpg","contentUrl":"http:\/\/meteo974.fr\/wp-content\/uploads\/2024\/08\/NOUVEAU-LOGO-REGION-Mars-2022-HD-JPG.jpg","width":493,"height":386},{"@type":"BreadcrumbList","@id":"http:\/\/meteo974.fr\/?page_id=282#breadcrumb","itemListElement":[{"@type":"ListItem","position":1,"name":"Accueil","item":"https:\/\/meteo974.fr\/"},{"@type":"ListItem","position":2,"name":"Mentions l\u00e9gales"}]},{"@type":"WebSite","@id":"https:\/\/meteo974.fr\/#website","url":"https:\/\/meteo974.fr\/","name":"M\u00e9t\u00e9o974","description":"Pr\u00e9voir, prot\u00e9ger, pr\u00e9server","publisher":{"@id":"https:\/\/meteo974.fr\/#organization"},"potentialAction":[{"@type":"SearchAction","target":{"@type":"EntryPoint","urlTemplate":"https:\/\/meteo974.fr\/?s={search_term_string}"},"query-input":{"@type":"PropertyValueSpecification","valueRequired":true,"valueName":"search_term_string"}}],"inLanguage":"fr-FR"},{"@type":"Organization","@id":"https:\/\/meteo974.fr\/#organization","name":"M\u00e9t\u00e9o974","url":"https:\/\/meteo974.fr\/","logo":{"@type":"ImageObject","inLanguage":"fr-FR","@id":"https:\/\/meteo974.fr\/#\/schema\/logo\/image\/","url":"http:\/\/meteo974.fr\/wp-content\/uploads\/2024\/08\/logo-Horizontal-blanc-scaled.png","contentUrl":"http:\/\/meteo974.fr\/wp-content\/uploads\/2024\/08\/logo-Horizontal-blanc-scaled.png","width":2560,"height":1172,"caption":"M\u00e9t\u00e9o974"},"image":{"@id":"https:\/\/meteo974.fr\/#\/schema\/logo\/image\/"}}]}},"_links":{"self":[{"href":"http:\/\/meteo974.fr\/index.php?rest_route=\/wp\/v2\/pages\/282","targetHints":{"allow":["GET"]}}],"collection":[{"href":"http:\/\/meteo974.fr\/index.php?rest_route=\/wp\/v2\/pages"}],"about":[{"href":"http:\/\/meteo974.fr\/index.php?rest_route=\/wp\/v2\/types\/page"}],"author":[{"embeddable":true,"href":"http:\/\/meteo974.fr\/index.php?rest_route=\/wp\/v2\/users\/1"}],"replies":[{"embeddable":true,"href":"http:\/\/meteo974.fr\/index.php?rest_route=%2Fwp%2Fv2%2Fcomments&post=282"}],"version-history":[{"count":37,"href":"http:\/\/meteo974.fr\/index.php?rest_route=\/wp\/v2\/pages\/282\/revisions"}],"predecessor-version":[{"id":1124,"href":"http:\/\/meteo974.fr\/index.php?rest_route=\/wp\/v2\/pages\/282\/revisions\/1124"}],"wp:attachment":[{"href":"http:\/\/meteo974.fr\/index.php?rest_route=%2Fwp%2Fv2%2Fmedia&parent=282"}],"curies":[{"name":"wp","href":"https:\/\/api.w.org\/{rel}","templated":true}]}}